{"id":37,"date":"2022-09-01T16:13:24","date_gmt":"2022-09-01T13:13:24","guid":{"rendered":"https:\/\/terratecnologia.gsconsultoria.com.br\/?page_id=37"},"modified":"2025-01-11T17:54:14","modified_gmt":"2025-01-11T20:54:14","slug":"home","status":"publish","type":"page","link":"https:\/\/terratecnologia.gsconsultoria.com.br\/","title":{"rendered":"Home"},"content":{"rendered":"<h2>+ Seguran\u00e7a<\/h2>\n<h2>+ Tecnologia<\/h2>\n<h2>+ Agro brasileiro<\/h2>\n<p>\t\t\t\t\t\t\t\t\t\t<a href=\"#\"><br \/>\n\t\t\t\t\t\t\t\t\tSaiba mais<br \/>\n\t\t\t\t\t<\/a><\/p>\n<h2>Conhe\u00e7a nossos<\/h2>\n<h2>SERVI\u00c7OS<\/h2>\n<p>\t\t\t\t\t\t\t\t\t\t<a href=\"https:\/\/terratecnologia.gsconsultoria.com.br\/servicos\/\"><br \/>\n\t\t\t\t\t\t\t\t\tSaiba mais<br \/>\n\t\t\t\t\t<\/a><\/p>\n<h2>Conhe\u00e7a nossas solu\u00e7\u00f5es em<\/h2>\n<h2>CULTURA<\/h2>\n<p>\t\t\t\t\t\t\t\t\t\t<a href=\"https:\/\/terratecnologia.gsconsultoria.com.br\/cultura\/\"><br \/>\n\t\t\t\t\t\t\t\t\tSaiba mais<br \/>\n\t\t\t\t\t<\/a><\/p>\n<h2>Conhe\u00e7a nossos<\/h2>\n<h2>PRODUTOS<\/h2>\n<p>\t\t\t\t\t\t\t\t\t\t<a href=\"https:\/\/terratecnologia.gsconsultoria.com.br\/produtos\/\"><br \/>\n\t\t\t\t\t\t\t\t\tSaiba mais<br \/>\n\t\t\t\t\t<\/a><br \/>\n\t\t\t\t\t\t\t\t\t\t\t\t\t\t\t\t\t\t\t<img loading=\"lazy\" decoding=\"async\" width=\"800\" height=\"532\" src=\"https:\/\/terratecnologia.gsconsultoria.com.br\/wp-content\/uploads\/2024\/02\/Foto-02100-1-1-1024x681.jpg\" alt=\"\" srcset=\"https:\/\/terratecnologia.gsconsultoria.com.br\/wp-content\/uploads\/2024\/02\/Foto-02100-1-1-1024x681.jpg 1024w, https:\/\/terratecnologia.gsconsultoria.com.br\/wp-content\/uploads\/2024\/02\/Foto-02100-1-1-600x399.jpg 600w, https:\/\/terratecnologia.gsconsultoria.com.br\/wp-content\/uploads\/2024\/02\/Foto-02100-1-1-64x43.jpg 64w, https:\/\/terratecnologia.gsconsultoria.com.br\/wp-content\/uploads\/2024\/02\/Foto-02100-1-1-300x200.jpg 300w, https:\/\/terratecnologia.gsconsultoria.com.br\/wp-content\/uploads\/2024\/02\/Foto-02100-1-1-768x511.jpg 768w, https:\/\/terratecnologia.gsconsultoria.com.br\/wp-content\/uploads\/2024\/02\/Foto-02100-1-1-1536x1021.jpg 1536w, https:\/\/terratecnologia.gsconsultoria.com.br\/wp-content\/uploads\/2024\/02\/Foto-02100-1-1.jpg 1600w\" sizes=\"(max-width: 800px) 100vw, 800px\" \/>\t\t\t\t\t\t\t\t\t\t\t\t\t\t\t\t<\/p>\n<h2>N\u00f3s somos a<\/h2>\n<p>Terra Tecnologia<\/p>\n<p>Fornecemos solu\u00e7\u00f5es e servi\u00e7os especializados para <strong>agricultores<\/strong> e <strong>pecuaristas<\/strong>, focando na sustentabilidade dos neg\u00f3cios. Prioriza produtos de qualidade e assist\u00eancia t\u00e9cnica para impulsionar a produtividade e promover pr\u00e1ticas agr\u00edcolas sustent\u00e1veis.<\/p>\n<p>Nossos Servi\u00e7os<\/p>\n<p>Foi pensando em voc\u00ea que criamos servi\u00e7os especializados para ajudar<br \/>seu neg\u00f3cio a crescer com resposabilidade. Conhe\u00e7a nossas solu\u00e7\u00f5es.<\/p>\n<p>\t\t\t\t\t\t\t\t\t\t\t\t\t<img loading=\"lazy\" decoding=\"async\" width=\"800\" height=\"800\" src=\"https:\/\/terratecnologia.gsconsultoria.com.br\/wp-content\/uploads\/2024\/03\/Design-sem-nome-2-1024x1024.jpg\" alt=\"\" srcset=\"https:\/\/terratecnologia.gsconsultoria.com.br\/wp-content\/uploads\/2024\/03\/Design-sem-nome-2-1024x1024.jpg 1024w, https:\/\/terratecnologia.gsconsultoria.com.br\/wp-content\/uploads\/2024\/03\/Design-sem-nome-2-300x300.jpg 300w, https:\/\/terratecnologia.gsconsultoria.com.br\/wp-content\/uploads\/2024\/03\/Design-sem-nome-2-100x100.jpg 100w, https:\/\/terratecnologia.gsconsultoria.com.br\/wp-content\/uploads\/2024\/03\/Design-sem-nome-2-600x600.jpg 600w, https:\/\/terratecnologia.gsconsultoria.com.br\/wp-content\/uploads\/2024\/03\/Design-sem-nome-2-64x64.jpg 64w, https:\/\/terratecnologia.gsconsultoria.com.br\/wp-content\/uploads\/2024\/03\/Design-sem-nome-2-150x150.jpg 150w, https:\/\/terratecnologia.gsconsultoria.com.br\/wp-content\/uploads\/2024\/03\/Design-sem-nome-2-768x768.jpg 768w, https:\/\/terratecnologia.gsconsultoria.com.br\/wp-content\/uploads\/2024\/03\/Design-sem-nome-2.jpg 1080w\" sizes=\"(max-width: 800px) 100vw, 800px\" \/>\t\t\t\t\t\t\t\t\t\t\t\t\t\t\t\t<\/p>\n<h2>Assist\u00eancia T\u00e9cnica<\/h2>\n<p>Realiza a manuten\u00e7\u00e3o e acompanhamento dos equipamentos. Como tamb\u00e9m, \u00e9 oferecido assist\u00eancia de precis\u00e3o no manejo de pragas na cultura.<\/p>\n<p>\t\t\t\t\t\t\t\t\t\t\t\t\t<img loading=\"lazy\" decoding=\"async\" width=\"800\" height=\"800\" src=\"https:\/\/terratecnologia.gsconsultoria.com.br\/wp-content\/uploads\/2024\/03\/SITE-IMAGENS-2-1024x1024.jpg\" alt=\"\" srcset=\"https:\/\/terratecnologia.gsconsultoria.com.br\/wp-content\/uploads\/2024\/03\/SITE-IMAGENS-2-1024x1024.jpg 1024w, https:\/\/terratecnologia.gsconsultoria.com.br\/wp-content\/uploads\/2024\/03\/SITE-IMAGENS-2-300x300.jpg 300w, https:\/\/terratecnologia.gsconsultoria.com.br\/wp-content\/uploads\/2024\/03\/SITE-IMAGENS-2-100x100.jpg 100w, https:\/\/terratecnologia.gsconsultoria.com.br\/wp-content\/uploads\/2024\/03\/SITE-IMAGENS-2-600x600.jpg 600w, https:\/\/terratecnologia.gsconsultoria.com.br\/wp-content\/uploads\/2024\/03\/SITE-IMAGENS-2-64x64.jpg 64w, https:\/\/terratecnologia.gsconsultoria.com.br\/wp-content\/uploads\/2024\/03\/SITE-IMAGENS-2-150x150.jpg 150w, https:\/\/terratecnologia.gsconsultoria.com.br\/wp-content\/uploads\/2024\/03\/SITE-IMAGENS-2-768x768.jpg 768w, https:\/\/terratecnologia.gsconsultoria.com.br\/wp-content\/uploads\/2024\/03\/SITE-IMAGENS-2.jpg 1080w\" sizes=\"(max-width: 800px) 100vw, 800px\" \/>\t\t\t\t\t\t\t\t\t\t\t\t\t\t\t\t<\/p>\n<h2>Realiza\u00e7\u00e3o de<br \/>\nTreinamentos<\/h2>\n<p>Realiza\u00e7\u00e3o de treinamentos t\u00e9cnicos para implanta\u00e7\u00e3o, controle de doen\u00e7as, manejo e conhecimento de portf\u00f3lio.<\/p>\n<p>\t\t\t\t\t\t\t\t\t\t\t\t\t<img loading=\"lazy\" decoding=\"async\" width=\"564\" height=\"420\" src=\"https:\/\/terratecnologia.gsconsultoria.com.br\/wp-content\/uploads\/2022\/10\/ee-77.jpg\" alt=\"terra tecnologia agr\u00edcola\" srcset=\"https:\/\/terratecnologia.gsconsultoria.com.br\/wp-content\/uploads\/2022\/10\/ee-77.jpg 564w, https:\/\/terratecnologia.gsconsultoria.com.br\/wp-content\/uploads\/2022\/10\/ee-77-64x48.jpg 64w, https:\/\/terratecnologia.gsconsultoria.com.br\/wp-content\/uploads\/2022\/10\/ee-77-300x223.jpg 300w\" sizes=\"(max-width: 564px) 100vw, 564px\" \/>\t\t\t\t\t\t\t\t\t\t\t\t\t\t\t\t<\/p>\n<h2>Consultoria<br \/>\nAgron\u00f4mica<\/h2>\n<p>Atendimento preferencial, t\u00e9cnico e profissional aos produtores, focando em an\u00e1lise pericial da propriedade para um planejamento geral de implanta\u00e7\u00e3o das culturas adequada \u00e0 propriedade.<\/p>\n<p>\t\t\t\t\t\t\t\t\t\t\t\t\t<img loading=\"lazy\" decoding=\"async\" width=\"564\" height=\"420\" src=\"https:\/\/terratecnologia.gsconsultoria.com.br\/wp-content\/uploads\/2022\/10\/yy-33.jpg\" alt=\"terra tecnologia agr\u00edcola\" srcset=\"https:\/\/terratecnologia.gsconsultoria.com.br\/wp-content\/uploads\/2022\/10\/yy-33.jpg 564w, https:\/\/terratecnologia.gsconsultoria.com.br\/wp-content\/uploads\/2022\/10\/yy-33-64x48.jpg 64w, https:\/\/terratecnologia.gsconsultoria.com.br\/wp-content\/uploads\/2022\/10\/yy-33-300x223.jpg 300w\" sizes=\"(max-width: 564px) 100vw, 564px\" \/>\t\t\t\t\t\t\t\t\t\t\t\t\t\t\t\t<\/p>\n<h2>Acompanhamento de Plantio<\/h2>\n<p>Conte com recomenda\u00e7\u00f5es no preparo e manejo do solo e na aduba\u00e7\u00e3o de <br \/>pr\u00e9-plantio.<\/p>\n<h2>Consultoria<br \/>\nAgron\u00f4mica<\/h2>\n<p>Atendimento preferencial, t\u00e9cnico e profissional aos produtores, focando em an\u00e1lise pericial da propriedade para um planejamento geral de implanta\u00e7\u00e3o das culturas adequada \u00e0 propriedade.<\/p>\n<p>\t\t\t\t\t\t\t\t\t\t\t\t\t<img loading=\"lazy\" decoding=\"async\" width=\"800\" height=\"800\" src=\"https:\/\/terratecnologia.gsconsultoria.com.br\/wp-content\/uploads\/2024\/03\/SITE-IMAGENS-1-1024x1024.jpg\" alt=\"\" srcset=\"https:\/\/terratecnologia.gsconsultoria.com.br\/wp-content\/uploads\/2024\/03\/SITE-IMAGENS-1-1024x1024.jpg 1024w, https:\/\/terratecnologia.gsconsultoria.com.br\/wp-content\/uploads\/2024\/03\/SITE-IMAGENS-1-300x300.jpg 300w, https:\/\/terratecnologia.gsconsultoria.com.br\/wp-content\/uploads\/2024\/03\/SITE-IMAGENS-1-100x100.jpg 100w, https:\/\/terratecnologia.gsconsultoria.com.br\/wp-content\/uploads\/2024\/03\/SITE-IMAGENS-1-600x600.jpg 600w, https:\/\/terratecnologia.gsconsultoria.com.br\/wp-content\/uploads\/2024\/03\/SITE-IMAGENS-1-64x64.jpg 64w, https:\/\/terratecnologia.gsconsultoria.com.br\/wp-content\/uploads\/2024\/03\/SITE-IMAGENS-1-150x150.jpg 150w, https:\/\/terratecnologia.gsconsultoria.com.br\/wp-content\/uploads\/2024\/03\/SITE-IMAGENS-1-768x768.jpg 768w, https:\/\/terratecnologia.gsconsultoria.com.br\/wp-content\/uploads\/2024\/03\/SITE-IMAGENS-1.jpg 1080w\" sizes=\"(max-width: 800px) 100vw, 800px\" \/>\t\t\t\t\t\t\t\t\t\t\t\t\t\t\t\t<\/p>\n<h2>Acompanhamento de Plantio<\/h2>\n<p>Conte com recomenda\u00e7\u00f5es no preparo e manejo do solo e na aduba\u00e7\u00e3o de <br \/>pr\u00e9-plantio.<\/p>\n<p>\t\t\t\t\t\t\t\t\t\t\t\t\t<img loading=\"lazy\" decoding=\"async\" width=\"800\" height=\"800\" src=\"https:\/\/terratecnologia.gsconsultoria.com.br\/wp-content\/uploads\/2024\/03\/SITE-IMAGENS-1024x1024.jpg\" alt=\"\" srcset=\"https:\/\/terratecnologia.gsconsultoria.com.br\/wp-content\/uploads\/2024\/03\/SITE-IMAGENS-1024x1024.jpg 1024w, https:\/\/terratecnologia.gsconsultoria.com.br\/wp-content\/uploads\/2024\/03\/SITE-IMAGENS-300x300.jpg 300w, https:\/\/terratecnologia.gsconsultoria.com.br\/wp-content\/uploads\/2024\/03\/SITE-IMAGENS-100x100.jpg 100w, https:\/\/terratecnologia.gsconsultoria.com.br\/wp-content\/uploads\/2024\/03\/SITE-IMAGENS-600x600.jpg 600w, https:\/\/terratecnologia.gsconsultoria.com.br\/wp-content\/uploads\/2024\/03\/SITE-IMAGENS-64x64.jpg 64w, https:\/\/terratecnologia.gsconsultoria.com.br\/wp-content\/uploads\/2024\/03\/SITE-IMAGENS-150x150.jpg 150w, https:\/\/terratecnologia.gsconsultoria.com.br\/wp-content\/uploads\/2024\/03\/SITE-IMAGENS-768x768.jpg 768w, https:\/\/terratecnologia.gsconsultoria.com.br\/wp-content\/uploads\/2024\/03\/SITE-IMAGENS.jpg 1080w\" sizes=\"(max-width: 800px) 100vw, 800px\" \/>\t\t\t\t\t\t\t\t\t\t\t\t\t<\/p>\n<p>Onde Encontrar<\/p>\n<p>Sempre uma loja perto de voc\u00ea! Selecione o estado e veja a loja mais pr\u00f3xima.<\/p>\n<p>[freehtml5map id=&#8221;0&#8243;]<\/p>\n<p>Nossos&nbsp;Fornecedores<\/p>\n<figure><img decoding=\"async\" src=\"https:\/\/terratecnologia.gsconsultoria.com.br\/wp-content\/uploads\/elementor\/thumbs\/1-1-qkfudnxidl9r7www6m92fggxzubxgy56lu8t5v4low.webp\" alt=\"1-1.webp\" \/><\/figure>\n<figure><img decoding=\"async\" src=\"https:\/\/terratecnologia.gsconsultoria.com.br\/wp-content\/uploads\/elementor\/thumbs\/2-1-qkfudovckfb1jivj14nozy8el87aon8wxywan537io.webp\" alt=\"2-1.webp\" \/><\/figure>\n<figure><img decoding=\"async\" src=\"https:\/\/terratecnologia.gsconsultoria.com.br\/wp-content\/uploads\/elementor\/thumbs\/3-1-qkfudqr0y3dm6qssq5gy4xrbrzy141gdm879lp0f68.webp\" alt=\"3-1.webp\" \/><\/figure>\n<figure><img decoding=\"async\" src=\"https:\/\/terratecnologia.gsconsultoria.com.br\/wp-content\/uploads\/elementor\/thumbs\/4-1-qkfudqr0y3dm6qssq5gy4xrbrzy141gdm879lp0f68.webp\" alt=\"4-1.webp\" \/><\/figure>\n<figure><img decoding=\"async\" src=\"https:\/\/terratecnologia.gsconsultoria.com.br\/wp-content\/uploads\/elementor\/thumbs\/5-1-qkfudsmpbrg6tyq2f6a79xa8yrorjfnuahi8k8xmts.webp\" alt=\"5-1.webp\" \/><\/figure>\n<figure><img decoding=\"async\" src=\"https:\/\/terratecnologia.gsconsultoria.com.br\/wp-content\/uploads\/elementor\/thumbs\/6-1-qkfudtkjilhh5kop9ootuf1pk5k4r4rkmm5q1iw8nk.webp\" alt=\"6-1.webp\" \/><\/figure>\n<figure><img decoding=\"async\" src=\"https:\/\/terratecnologia.gsconsultoria.com.br\/wp-content\/uploads\/elementor\/thumbs\/7-1-qkfudtkjilhh5kop9ootuf1pk5k4r4rkmm5q1iw8nk.webp\" alt=\"7-1.webp\" \/><\/figure>\n<figure><img decoding=\"async\" src=\"https:\/\/terratecnologia.gsconsultoria.com.br\/wp-content\/uploads\/elementor\/thumbs\/8-1-qkfuduidpfirh6nc473gewt65jfhytvayqt7isuuhc.webp\" alt=\"8-1.webp\" \/><\/figure>\n<figure><img decoding=\"async\" src=\"https:\/\/terratecnologia.gsconsultoria.com.br\/wp-content\/uploads\/elementor\/thumbs\/9-1-qkfuduidpfirh6nc473gewt65jfhytvayqt7isuuhc.webp\" alt=\"9-1.webp\" \/><\/figure>\n<figure><img decoding=\"async\" src=\"https:\/\/terratecnologia.gsconsultoria.com.br\/wp-content\/uploads\/elementor\/thumbs\/10-1-qkfudvg7w9k1sslyypi2zekmqxav6iz1avgp02tgb4.webp\" alt=\"10-1.webp\" \/><\/figure>\n<figure><img decoding=\"async\" src=\"https:\/\/terratecnologia.gsconsultoria.com.br\/wp-content\/uploads\/elementor\/thumbs\/11-1-qkfudvg7w9k1sslyypi2zekmqxav6iz1avgp02tgb4.webp\" alt=\"11-1.webp\" \/><\/figure>\n<figure><img decoding=\"async\" src=\"https:\/\/terratecnologia.gsconsultoria.com.br\/wp-content\/uploads\/elementor\/thumbs\/12-1-qkfudwe233lc4eklt7wpjwc3cb68e82rn046hcs24w.webp\" alt=\"12-1.webp\" \/><\/figure>\n<figure><img decoding=\"async\" src=\"https:\/\/terratecnologia.gsconsultoria.com.br\/wp-content\/uploads\/elementor\/thumbs\/13-1-qkfudwe233lc4eklt7wpjwc3cb68e82rn046hcs24w.webp\" alt=\"13-1.webp\" \/><\/figure>\n<figure><img decoding=\"async\" src=\"https:\/\/terratecnologia.gsconsultoria.com.br\/wp-content\/uploads\/elementor\/thumbs\/14-1-qkfudxbw9xmmg0j8nqbc4e3jxp1llx6hz4rnymqnyo.webp\" alt=\"14-1.webp\" \/><\/figure>\n<figure><img decoding=\"async\" src=\"https:\/\/terratecnologia.gsconsultoria.com.br\/wp-content\/uploads\/elementor\/thumbs\/15-1-qkfudy9qgrnwrmhvi8pyovv0j2wytma8b9f5fwp9sg.webp\" alt=\"15-1.webp\" \/><\/figure>\n<figure><img decoding=\"async\" src=\"https:\/\/terratecnologia.gsconsultoria.com.br\/wp-content\/uploads\/elementor\/thumbs\/16-1-qkfudz7knlp738gicr4l9dmh4gsc1bdyne2mx6nvm8.webp\" alt=\"16-1.webp\" \/><\/figure>\n<figure><img decoding=\"async\" src=\"https:\/\/terratecnologia.gsconsultoria.com.br\/wp-content\/uploads\/elementor\/thumbs\/17-1-qkfue05eufqheuf579j7tvdxpunp90hoziq4egmhg0.webp\" alt=\"17-1.webp\" \/><\/figure>\n<figure><img decoding=\"async\" src=\"https:\/\/terratecnologia.gsconsultoria.com.br\/wp-content\/uploads\/elementor\/thumbs\/19-1-qkfue05eufqheuf579j7tvdxpunp90hoziq4egmhg0.webp\" alt=\"19-1.webp\" \/><\/figure>\n<figure><img decoding=\"async\" src=\"https:\/\/terratecnologia.gsconsultoria.com.br\/wp-content\/uploads\/elementor\/thumbs\/20-1-qkfue13919rrqgds1rxued5eb8j2gplfbndlvql39s.webp\" alt=\"20-1.webp\" \/><\/figure>\n<figure><img decoding=\"async\" src=\"https:\/\/terratecnologia.gsconsultoria.com.br\/wp-content\/uploads\/elementor\/thumbs\/21-1-qkfue21383t222cewacgyuwuwmefoep5ns13d0jp3k.webp\" alt=\"21-1.webp\" \/><\/figure>\n<figure><img decoding=\"async\" src=\"https:\/\/terratecnologia.gsconsultoria.com.br\/wp-content\/uploads\/elementor\/thumbs\/22-1-qkfue2yxexucdob1qsr3jcobi09sw3svzwokuaiaxc.webp\" alt=\"22-1.webp\" \/><\/figure>\n<figure><img decoding=\"async\" src=\"https:\/\/terratecnologia.gsconsultoria.com.br\/wp-content\/uploads\/elementor\/thumbs\/23-1-qkfue3wrlrvmpa9olb5q3ufs3e563swmc1c2bkgwr4.webp\" alt=\"23-1.webp\" \/><\/figure>\n<figure><img decoding=\"async\" src=\"https:\/\/terratecnologia.gsconsultoria.com.br\/wp-content\/uploads\/elementor\/thumbs\/24-1-qkfue5sfzfy7ci6yabyz8typa5vwj7430an1a4e4eo.webp\" alt=\"24-1.webp\" \/><\/figure>\n<figure><img decoding=\"async\" src=\"https:\/\/terratecnologia.gsconsultoria.com.br\/wp-content\/uploads\/elementor\/thumbs\/25-1-qkfue6qa69zho45l4udltbq5vjr9qw7tcfairecq8g.webp\" alt=\"25-1.webp\" \/><\/figure>\n<figure><img decoding=\"async\" src=\"https:\/\/terratecnologia.gsconsultoria.com.br\/wp-content\/uploads\/elementor\/thumbs\/26-1-qkfue7o4d40rzq47zcs8dthmgxmmylbjojy08obc28.webp\" alt=\"26-1.webp\" \/><\/figure>\n<figure><img decoding=\"async\" src=\"https:\/\/terratecnologia.gsconsultoria.com.br\/wp-content\/uploads\/elementor\/thumbs\/27-1-qkfue9jsqs3cmy1hodlhit0jnpdddzj0ct8z788jps.webp\" alt=\"27-1.webp\" \/><\/figure>\n<p>Not\u00edcias do\u00a0Blog<\/p>\n<p>As principais not\u00edcias do mundo agro por quem mais entende do neg\u00f3cio. Confira!<\/p>\n<p>\t\t\t\t\t\t\t\t<a href=\"https:\/\/terratecnologia.gsconsultoria.com.br\/blog\/\"><br \/>\n\t\t\t\t\t\t\t\t\tVeja mais<br \/>\n\t\t\t\t\t<\/a><\/p>\n<p>Entre em contato<\/p>\n<p>\t\t\t\t\t\t\t\t\t\t\t\t\t<img loading=\"lazy\" decoding=\"async\" width=\"506\" height=\"816\" src=\"https:\/\/terratecnologia.gsconsultoria.com.br\/wp-content\/uploads\/2022\/10\/oo-99.jpg\" alt=\"terra tecnologia agr\u00edcola\" srcset=\"https:\/\/terratecnologia.gsconsultoria.com.br\/wp-content\/uploads\/2022\/10\/oo-99.jpg 506w, https:\/\/terratecnologia.gsconsultoria.com.br\/wp-content\/uploads\/2022\/10\/oo-99-64x103.jpg 64w, https:\/\/terratecnologia.gsconsultoria.com.br\/wp-content\/uploads\/2022\/10\/oo-99-186x300.jpg 186w\" sizes=\"(max-width: 506px) 100vw, 506px\" \/><\/p>\n","protected":false},"excerpt":{"rendered":"<p>+ Seguran\u00e7a + Tecnologia + Agro brasileiro Saiba mais Conhe\u00e7a nossos SERVI\u00c7OS Saiba mais Conhe\u00e7a nossas solu\u00e7\u00f5es em CULTURA Saiba mais Conhe\u00e7a nossos PRODUTOS Saiba mais N\u00f3s somos a Terra Tecnologia Fornecemos solu\u00e7\u00f5es e servi\u00e7os especializados para agricultores e pecuaristas, focando na sustentabilidade dos neg\u00f3cios. Prioriza produtos de qualidade e assist\u00eancia t\u00e9cnica para impulsionar a [&hellip;]<\/p>\n","protected":false},"author":1,"featured_media":0,"parent":0,"menu_order":0,"comment_status":"closed","ping_status":"open","template":"elementor_header_footer","meta":{"footnotes":""},"_links":{"self":[{"href":"https:\/\/terratecnologia.gsconsultoria.com.br\/index.php?rest_route=\/wp\/v2\/pages\/37"}],"collection":[{"href":"https:\/\/terratecnologia.gsconsultoria.com.br\/index.php?rest_route=\/wp\/v2\/pages"}],"about":[{"href":"https:\/\/terratecnologia.gsconsultoria.com.br\/index.php?rest_route=\/wp\/v2\/types\/page"}],"author":[{"embeddable":true,"href":"https:\/\/terratecnologia.gsconsultoria.com.br\/index.php?rest_route=\/wp\/v2\/users\/1"}],"replies":[{"embeddable":true,"href":"https:\/\/terratecnologia.gsconsultoria.com.br\/index.php?rest_route=%2Fwp%2Fv2%2Fcomments&post=37"}],"version-history":[{"count":343,"href":"https:\/\/terratecnologia.gsconsultoria.com.br\/index.php?rest_route=\/wp\/v2\/pages\/37\/revisions"}],"predecessor-version":[{"id":1599,"href":"https:\/\/terratecnologia.gsconsultoria.com.br\/index.php?rest_route=\/wp\/v2\/pages\/37\/revisions\/1599"}],"wp:attachment":[{"href":"https:\/\/terratecnologia.gsconsultoria.com.br\/index.php?rest_route=%2Fwp%2Fv2%2Fmedia&parent=37"}],"curies":[{"name":"wp","href":"https:\/\/api.w.org\/{rel}","templated":true}]}}